{"id":25172,"date":"2021-03-30T09:52:06","date_gmt":"2021-03-30T12:52:06","guid":{"rendered":"https:\/\/wpsgames.com.br\/sites\/plataforma-ead\/?post_type=product&#038;p=25172"},"modified":"2024-04-08T15:24:23","modified_gmt":"2024-04-08T18:24:23","slug":"renda-fixa","status":"publish","type":"product","link":"https:\/\/wpsgames.com.br\/sites\/plataforma-ead\/produto\/renda-fixa\/","title":{"rendered":"Renda Fixa"},"content":{"rendered":"<p>O que voc\u00ea ir\u00e1 aprender neste curso:<\/p>\n<p>O que \u00e9 e quais os tipos de rendas fixas e como invertir.<\/p>\n","protected":false},"excerpt":{"rendered":"<p>Renda fixa \u00e9 um termo que se refere a qualquer tipo de investimento que possui regras de remunera\u00e7\u00e3o definidas no momento da aplica\u00e7\u00e3o no t\u00edtulo.<\/p>\n","protected":false},"featured_media":25158,"comment_status":"open","ping_status":"closed","template":"","meta":[],"class_list":["post-25172","product","type-product","status-publish","has-post-thumbnail","hentry","product_cat-renda-fixa"],"_links":{"self":[{"href":"https:\/\/wpsgames.com.br\/sites\/plataforma-ead\/wp-json\/wp\/v2\/product\/25172","targetHints":{"allow":["GET"]}}],"collection":[{"href":"https:\/\/wpsgames.com.br\/sites\/plataforma-ead\/wp-json\/wp\/v2\/product"}],"about":[{"href":"https:\/\/wpsgames.com.br\/sites\/plataforma-ead\/wp-json\/wp\/v2\/types\/product"}],"replies":[{"embeddable":true,"href":"https:\/\/wpsgames.com.br\/sites\/plataforma-ead\/wp-json\/wp\/v2\/comments?post=25172"}],"wp:featuredmedia":[{"embeddable":true,"href":"https:\/\/wpsgames.com.br\/sites\/plataforma-ead\/wp-json\/wp\/v2\/media\/25158"}],"wp:attachment":[{"href":"https:\/\/wpsgames.com.br\/sites\/plataforma-ead\/wp-json\/wp\/v2\/media?parent=25172"}],"curies":[{"name":"wp","href":"https:\/\/api.w.org\/{rel}","templated":true}]}}